{"id":17,"date":"2025-03-22T02:18:16","date_gmt":"2025-03-22T06:18:16","guid":{"rendered":"http:\/\/www.abogadoryan.com\/?page_id=17"},"modified":"2025-06-03T10:30:41","modified_gmt":"2025-06-03T14:30:41","slug":"videos","status":"publish","type":"page","link":"https:\/\/www.abogadoryan.com\/es\/videos\/","title":{"rendered":"V\u00eddeos"},"content":{"rendered":"<section class=\"section\" id=\"section_636464281\">\n\t\t<div class=\"section-bg fill\" >\n\t\t\t\t\t\t\t\t\t\n\t\t\t\n\t<div class=\"is-border\"\n\t\tstyle=\"border-width:0px 0px 0px 0px;margin:30px 0px 0px 0px;\">\n\t<\/div>\n\n\t\t<\/div>\n\n\t\t\n\n\t\t<div class=\"section-content relative\">\n\t\t\t\n\t<div id=\"gap-1717737167\" class=\"gap-element clearfix\" style=\"display:block; height:auto;\">\n\t\t\n<style>\n#gap-1717737167 {\n  padding-top: 10px;\n}\n<\/style>\n\t<\/div>\n\t\n<div class=\"row align-equal align-center\"  id=\"row-103153816\">\n\n\t<div id=\"col-2123190703\" class=\"col small-12 large-12\"  >\n\t\t\t\t<div class=\"col-inner\"  >\n\t\t\t\n\t\t\t\n\t<div id=\"gap-1243957487\" class=\"gap-element clearfix\" style=\"display:block; height:auto;\">\n\t\t\n<style>\n#gap-1243957487 {\n  padding-top: 30px;\n}\n<\/style>\n\t<\/div>\n\t\n<h1 class=\"uppercase\" style=\"text-align: left;\">Videoteca pr\u00f3ximamente<\/h1>\n<p class=\"lead\">Estamos creando una biblioteca de videos educativos para responder a sus preguntas m\u00e1s comunes acerca de la ley de lesiones personales en Houston. \u00a1Mant\u00e9ngase en sinton\u00eda para las actualizaciones y aseg\u00farese de comprobar de nuevo pronto!<\/p>\n\t\t<\/div>\n\t\t\t\t\t<\/div>\n\n\t\n<\/div>\n\t\t<\/div>\n\n\t\t\n<style>\n#section_636464281 {\n  padding-top: 0px;\n  padding-bottom: 0px;\n  background-color: rgb(249, 249, 249);\n}\n<\/style>\n\t<\/section>","protected":false},"excerpt":{"rendered":"","protected":false},"author":4,"featured_media":404,"parent":0,"menu_order":0,"comment_status":"closed","ping_status":"closed","template":"","meta":{"rop_custom_images_group":[],"rop_custom_messages_group":[],"rop_publish_now":"initial","rop_publish_now_accounts":{"gmb_102881417945905937602_accounts\/102881417945905937602\/locations\/1035578975179904606":"","twitter_1995539061403201537_1995539061403201537":""},"rop_publish_now_history":[],"rop_publish_now_status":"pending","footnotes":""},"class_list":["post-17","page","type-page","status-publish","has-post-thumbnail","hentry"],"yoast_head":"<!-- This site is optimized with the Yoast SEO plugin v27.1.1 - https:\/\/yoast.com\/product\/yoast-seo-wordpress\/ -->\n<title>Video Library | Personal Injury FAQs | Houston Injury Lawyer<\/title>\n<meta name=\"description\" content=\"Ryan Nguyen Attorney at Law created a video library to answer your frequently asked questions about personal injury law in Houston.\" \/>\n<meta name=\"robots\" content=\"index, follow, max-snippet:-1, max-image-preview:large, max-video-preview:-1\" \/>\n<link rel=\"canonical\" href=\"https:\/\/www.abogadoryan.com\/es\/videos\/\" \/>\n<meta property=\"og:locale\" content=\"es_MX\" \/>\n<meta property=\"og:type\" content=\"article\" \/>\n<meta property=\"og:title\" content=\"Video Library | Personal Injury FAQs | Houston Injury Lawyer\" \/>\n<meta property=\"og:description\" content=\"Ryan Nguyen Attorney at Law created a video library to answer your frequently asked questions about personal injury law in Houston.\" \/>\n<meta property=\"og:url\" content=\"https:\/\/www.abogadoryan.com\/es\/videos\/\" \/>\n<meta property=\"og:site_name\" content=\"Houston Personal Injury Attorney\" \/>\n<meta property=\"article:publisher\" content=\"https:\/\/www.facebook.com\/people\/Abogado-Ryan-El-Alcon\/100091775298030\/\" \/>\n<meta property=\"article:modified_time\" content=\"2025-06-03T14:30:41+00:00\" \/>\n<meta property=\"og:image\" content=\"https:\/\/www.abogadoryan.com\/wp-content\/uploads\/2023\/12\/Videos.jpg\" \/>\n\t<meta property=\"og:image:width\" content=\"500\" \/>\n\t<meta property=\"og:image:height\" content=\"307\" \/>\n\t<meta property=\"og:image:type\" content=\"image\/jpeg\" \/>\n<meta name=\"twitter:card\" content=\"summary_large_image\" \/>\n<meta name=\"twitter:label1\" content=\"Est. reading time\" \/>\n\t<meta name=\"twitter:data1\" content=\"1 minuto\" \/>\n<script type=\"application\/ld+json\" class=\"yoast-schema-graph\">{\"@context\":\"https:\/\/schema.org\",\"@graph\":[{\"@type\":\"WebPage\",\"@id\":\"https:\/\/www.abogadoryan.com\/videos\/\",\"url\":\"https:\/\/www.abogadoryan.com\/videos\/\",\"name\":\"Video Library | Personal Injury FAQs | Houston Injury Lawyer\",\"isPartOf\":{\"@id\":\"https:\/\/www.abogadoryan.com\/#website\"},\"primaryImageOfPage\":{\"@id\":\"https:\/\/www.abogadoryan.com\/videos\/#primaryimage\"},\"image\":{\"@id\":\"https:\/\/www.abogadoryan.com\/videos\/#primaryimage\"},\"thumbnailUrl\":\"https:\/\/www.abogadoryan.com\/wp-content\/uploads\/2023\/12\/Videos.jpg\",\"datePublished\":\"2025-03-22T06:18:16+00:00\",\"dateModified\":\"2025-06-03T14:30:41+00:00\",\"description\":\"Ryan Nguyen Attorney at Law created a video library to answer your frequently asked questions about personal injury law in Houston.\",\"breadcrumb\":{\"@id\":\"https:\/\/www.abogadoryan.com\/videos\/#breadcrumb\"},\"inLanguage\":\"es\",\"potentialAction\":[{\"@type\":\"ReadAction\",\"target\":[\"https:\/\/www.abogadoryan.com\/videos\/\"]}]},{\"@type\":\"ImageObject\",\"inLanguage\":\"es\",\"@id\":\"https:\/\/www.abogadoryan.com\/videos\/#primaryimage\",\"url\":\"https:\/\/www.abogadoryan.com\/wp-content\/uploads\/2023\/12\/Videos.jpg\",\"contentUrl\":\"https:\/\/www.abogadoryan.com\/wp-content\/uploads\/2023\/12\/Videos.jpg\",\"width\":500,\"height\":307},{\"@type\":\"BreadcrumbList\",\"@id\":\"https:\/\/www.abogadoryan.com\/videos\/#breadcrumb\",\"itemListElement\":[{\"@type\":\"ListItem\",\"position\":1,\"name\":\"Home\",\"item\":\"https:\/\/www.abogadoryan.com\/\"},{\"@type\":\"ListItem\",\"position\":2,\"name\":\"Videos\"}]},{\"@type\":\"WebSite\",\"@id\":\"https:\/\/www.abogadoryan.com\/#website\",\"url\":\"https:\/\/www.abogadoryan.com\/\",\"name\":\"Houston Personal Injury Attorney\",\"description\":\"Ryan Nguyen Attorney at Law | Abogado Ryan\",\"publisher\":{\"@id\":\"https:\/\/www.abogadoryan.com\/#organization\"},\"alternateName\":\"Ryan Nguyen Attorney at Law | Abogado Ryan\",\"potentialAction\":[{\"@type\":\"SearchAction\",\"target\":{\"@type\":\"EntryPoint\",\"urlTemplate\":\"https:\/\/www.abogadoryan.com\/?s={search_term_string}\"},\"query-input\":{\"@type\":\"PropertyValueSpecification\",\"valueRequired\":true,\"valueName\":\"search_term_string\"}}],\"inLanguage\":\"es\"},{\"@type\":\"Organization\",\"@id\":\"https:\/\/www.abogadoryan.com\/#organization\",\"name\":\"Ryan Nguyen Attorney at Law | Abogado Ryan\",\"url\":\"https:\/\/www.abogadoryan.com\/\",\"logo\":{\"@type\":\"ImageObject\",\"inLanguage\":\"es\",\"@id\":\"https:\/\/www.abogadoryan.com\/#\/schema\/logo\/image\/\",\"url\":\"https:\/\/www.abogadoryan.com\/wp-content\/uploads\/2025\/05\/El-alcon-2.webp\",\"contentUrl\":\"https:\/\/www.abogadoryan.com\/wp-content\/uploads\/2025\/05\/El-alcon-2.webp\",\"width\":671,\"height\":178,\"caption\":\"Ryan Nguyen Attorney at Law | Abogado Ryan\"},\"image\":{\"@id\":\"https:\/\/www.abogadoryan.com\/#\/schema\/logo\/image\/\"},\"sameAs\":[\"https:\/\/www.facebook.com\/people\/Abogado-Ryan-El-Alcon\/100091775298030\/\",\"https:\/\/www.instagram.com\/abogadoryanelalcon\/\"]}]}<\/script>\n<!-- \/ Yoast SEO plugin. -->","yoast_head_json":{"title":"Videoteca | Preguntas frecuentes sobre lesiones personales | Abogado de lesiones de Houston","description":"Ryan Nguyen Abogado cre\u00f3 una biblioteca de v\u00eddeo para responder a sus preguntas m\u00e1s frecuentes acerca de la ley de lesiones personales en Houston.","robots":{"index":"index","follow":"follow","max-snippet":"max-snippet:-1","max-image-preview":"max-image-preview:large","max-video-preview":"max-video-preview:-1"},"canonical":"https:\/\/www.abogadoryan.com\/es\/videos\/","og_locale":"es_MX","og_type":"article","og_title":"Video Library | Personal Injury FAQs | Houston Injury Lawyer","og_description":"Ryan Nguyen Attorney at Law created a video library to answer your frequently asked questions about personal injury law in Houston.","og_url":"https:\/\/www.abogadoryan.com\/es\/videos\/","og_site_name":"Houston Personal Injury Attorney","article_publisher":"https:\/\/www.facebook.com\/people\/Abogado-Ryan-El-Alcon\/100091775298030\/","article_modified_time":"2025-06-03T14:30:41+00:00","og_image":[{"width":500,"height":307,"url":"https:\/\/www.abogadoryan.com\/wp-content\/uploads\/2023\/12\/Videos.jpg","type":"image\/jpeg"}],"twitter_card":"summary_large_image","twitter_misc":{"Est. reading time":"1 minuto"},"schema":{"@context":"https:\/\/schema.org","@graph":[{"@type":"WebPage","@id":"https:\/\/www.abogadoryan.com\/videos\/","url":"https:\/\/www.abogadoryan.com\/videos\/","name":"Videoteca | Preguntas frecuentes sobre lesiones personales | Abogado de lesiones de Houston","isPartOf":{"@id":"https:\/\/www.abogadoryan.com\/#website"},"primaryImageOfPage":{"@id":"https:\/\/www.abogadoryan.com\/videos\/#primaryimage"},"image":{"@id":"https:\/\/www.abogadoryan.com\/videos\/#primaryimage"},"thumbnailUrl":"https:\/\/www.abogadoryan.com\/wp-content\/uploads\/2023\/12\/Videos.jpg","datePublished":"2025-03-22T06:18:16+00:00","dateModified":"2025-06-03T14:30:41+00:00","description":"Ryan Nguyen Abogado cre\u00f3 una biblioteca de v\u00eddeo para responder a sus preguntas m\u00e1s frecuentes acerca de la ley de lesiones personales en Houston.","breadcrumb":{"@id":"https:\/\/www.abogadoryan.com\/videos\/#breadcrumb"},"inLanguage":"es","potentialAction":[{"@type":"ReadAction","target":["https:\/\/www.abogadoryan.com\/videos\/"]}]},{"@type":"ImageObject","inLanguage":"es","@id":"https:\/\/www.abogadoryan.com\/videos\/#primaryimage","url":"https:\/\/www.abogadoryan.com\/wp-content\/uploads\/2023\/12\/Videos.jpg","contentUrl":"https:\/\/www.abogadoryan.com\/wp-content\/uploads\/2023\/12\/Videos.jpg","width":500,"height":307},{"@type":"BreadcrumbList","@id":"https:\/\/www.abogadoryan.com\/videos\/#breadcrumb","itemListElement":[{"@type":"ListItem","position":1,"name":"Home","item":"https:\/\/www.abogadoryan.com\/"},{"@type":"ListItem","position":2,"name":"Videos"}]},{"@type":"WebSite","@id":"https:\/\/www.abogadoryan.com\/#website","url":"https:\/\/www.abogadoryan.com\/","name":"Houston Abogado de Lesiones Personales","description":"Ryan Nguyen Attorney at Law | Abogado Ryan","publisher":{"@id":"https:\/\/www.abogadoryan.com\/#organization"},"alternateName":"Ryan Nguyen Attorney at Law | Abogado Ryan","potentialAction":[{"@type":"SearchAction","target":{"@type":"EntryPoint","urlTemplate":"https:\/\/www.abogadoryan.com\/?s={search_term_string}"},"query-input":{"@type":"PropertyValueSpecification","valueRequired":true,"valueName":"search_term_string"}}],"inLanguage":"es"},{"@type":"Organization","@id":"https:\/\/www.abogadoryan.com\/#organization","name":"Ryan Nguyen Attorney at Law | Abogado Ryan","url":"https:\/\/www.abogadoryan.com\/","logo":{"@type":"ImageObject","inLanguage":"es","@id":"https:\/\/www.abogadoryan.com\/#\/schema\/logo\/image\/","url":"https:\/\/www.abogadoryan.com\/wp-content\/uploads\/2025\/05\/El-alcon-2.webp","contentUrl":"https:\/\/www.abogadoryan.com\/wp-content\/uploads\/2025\/05\/El-alcon-2.webp","width":671,"height":178,"caption":"Ryan Nguyen Attorney at Law | Abogado Ryan"},"image":{"@id":"https:\/\/www.abogadoryan.com\/#\/schema\/logo\/image\/"},"sameAs":["https:\/\/www.facebook.com\/people\/Abogado-Ryan-El-Alcon\/100091775298030\/","https:\/\/www.instagram.com\/abogadoryanelalcon\/"]}]}},"_links":{"self":[{"href":"https:\/\/www.abogadoryan.com\/es\/wp-json\/wp\/v2\/pages\/17","targetHints":{"allow":["GET"]}}],"collection":[{"href":"https:\/\/www.abogadoryan.com\/es\/wp-json\/wp\/v2\/pages"}],"about":[{"href":"https:\/\/www.abogadoryan.com\/es\/wp-json\/wp\/v2\/types\/page"}],"author":[{"embeddable":true,"href":"https:\/\/www.abogadoryan.com\/es\/wp-json\/wp\/v2\/users\/4"}],"replies":[{"embeddable":true,"href":"https:\/\/www.abogadoryan.com\/es\/wp-json\/wp\/v2\/comments?post=17"}],"version-history":[{"count":0,"href":"https:\/\/www.abogadoryan.com\/es\/wp-json\/wp\/v2\/pages\/17\/revisions"}],"wp:featuredmedia":[{"embeddable":true,"href":"https:\/\/www.abogadoryan.com\/es\/wp-json\/wp\/v2\/media\/404"}],"wp:attachment":[{"href":"https:\/\/www.abogadoryan.com\/es\/wp-json\/wp\/v2\/media?parent=17"}],"curies":[{"name":"wp","href":"https:\/\/api.w.org\/{rel}","templated":true}]}}