{"id":44,"date":"2025-03-18T02:19:28","date_gmt":"2025-03-18T06:19:28","guid":{"rendered":"http:\/\/www.abogadoryan.com\/?page_id=44"},"modified":"2025-06-03T10:27:00","modified_gmt":"2025-06-03T14:27:00","slug":"testimonios","status":"publish","type":"page","link":"https:\/\/www.abogadoryan.com\/es\/testimonials\/","title":{"rendered":"Testimonios"},"content":{"rendered":"<div class=\"row\"  id=\"row-53473581\">\n\n\t<div id=\"col-2017866562\" class=\"col small-12 large-12\"  >\n\t\t\t\t<div class=\"col-inner\"  >\n\t\t\t\n\t\t\t\n<div class=\"row align-middle\"  id=\"row-1518947130\">\n\n\t<div id=\"col-1046754267\" class=\"col small-12 large-12\"  >\n\t\t\t\t<div class=\"col-inner\"  >\n\t\t\t\n\t\t\t\n\t<div id=\"gap-1174872235\" class=\"gap-element clearfix\" style=\"display:block; height:auto;\">\n\t\t\n<style>\n#gap-1174872235 {\n  padding-top: 30px;\n}\n<\/style>\n\t<\/div>\n\t\n<h1>Testimonios de clientes<\/h1>\n<p class=\"lead\">Vea c\u00f3mo Ryan Nguyen, Abogado en la Ley, ha ayudado a clientes a recuperar una compensaci\u00f3n justa para todo tipo de lesiones personales, incluyendo accidentes automovil\u00edsticos, incidentes de resbal\u00f3n y ca\u00edda, lesiones catastr\u00f3ficas, y m\u00e1s.<\/p>\n<p class=\"lead\">Si usted o un ser querido ha sido lesionado, p\u00f3ngase en contacto con nosotros hoy para una consulta gratuita. Deje que nuestro experimentado equipo luche por la justicia que se merece.<\/p>\n\t\t<\/div>\n\t\t\t\t\t<\/div>\n\n\t\n\n<style>\n#row-1518947130 > .col > .col-inner {\n  padding: 25px 25px 0px 25px;\n  background-color: rgb(249, 249, 249);\n}\n<\/style>\n<\/div>\n\t\t<\/div>\n\t\t\t\t\t<\/div>\n\n\t\n\n<style>\n#row-53473581 > .col > .col-inner {\n  background-color: rgb(249, 249, 249);\n}\n<\/style>\n<\/div>\n<div class=\"row\"  id=\"row-1461977971\">\n\n\t<div id=\"col-39577645\" class=\"col small-12 large-12\"  >\n\t\t\t\t<div class=\"col-inner\"  >\n\t\t\t\n\t\t\t\n\n<div data-bid=\"151557\" data-url=\"https:\/\/rb.whitespark.ca\" ><script src=\"https:\/\/widget.reviewability.com\/js\/widgetAdv.min.js\" async><\/script><\/div>\n<p><script class=\"json-ld-content\" type=\"application\/ld+json\"><\/script><br \/>\n\n\t\t<\/div>\n\t\t\t\t\t<\/div>\n\n\t\n<\/div>","protected":false},"excerpt":{"rendered":"","protected":false},"author":4,"featured_media":1456,"parent":0,"menu_order":0,"comment_status":"closed","ping_status":"closed","template":"","meta":{"rop_custom_images_group":[],"rop_custom_messages_group":[],"rop_publish_now":"initial","rop_publish_now_accounts":{"gmb_102881417945905937602_accounts\/102881417945905937602\/locations\/1035578975179904606":"","twitter_1995539061403201537_1995539061403201537":""},"rop_publish_now_history":[],"rop_publish_now_status":"pending","footnotes":""},"class_list":["post-44","page","type-page","status-publish","has-post-thumbnail","hentry"],"yoast_head":"<!-- This site is optimized with the Yoast SEO plugin v27.1.1 - https:\/\/yoast.com\/product\/yoast-seo-wordpress\/ -->\n<title>Client Testimonials | Ryan Nguyen Attorney at Law in Houston, TX<\/title>\n<meta name=\"description\" content=\"Hear real client testimonials about our Houston injury lawyer and how we helped them secure maximum compensation for their injuries.\" \/>\n<meta name=\"robots\" content=\"index, follow, max-snippet:-1, max-image-preview:large, max-video-preview:-1\" \/>\n<link rel=\"canonical\" href=\"http:\/\/www.abogadoryan.com\/es\/testimonios\/\" \/>\n<meta property=\"og:locale\" content=\"es_MX\" \/>\n<meta property=\"og:type\" content=\"article\" \/>\n<meta property=\"og:title\" content=\"Client Testimonials | Ryan Nguyen Attorney at Law in Houston, TX\" \/>\n<meta property=\"og:description\" content=\"Hear real client testimonials about our Houston injury lawyer and how we helped them secure maximum compensation for their injuries.\" \/>\n<meta property=\"og:url\" content=\"http:\/\/www.abogadoryan.com\/es\/testimonios\/\" \/>\n<meta property=\"og:site_name\" content=\"Houston Personal Injury Attorney\" \/>\n<meta property=\"article:publisher\" content=\"https:\/\/www.facebook.com\/people\/Abogado-Ryan-El-Alcon\/100091775298030\/\" \/>\n<meta property=\"article:modified_time\" content=\"2025-06-03T14:27:00+00:00\" \/>\n<meta property=\"og:image\" content=\"http:\/\/www.abogadoryan.com\/wp-content\/uploads\/2025\/06\/Client-Testimonials-Ryan-Nguyen-Attorney-at-Law-in-Houston-TX.jpg\" \/>\n\t<meta property=\"og:image:width\" content=\"500\" \/>\n\t<meta property=\"og:image:height\" content=\"291\" \/>\n\t<meta property=\"og:image:type\" content=\"image\/jpeg\" \/>\n<meta name=\"twitter:card\" content=\"summary_large_image\" \/>\n<meta name=\"twitter:label1\" content=\"Est. reading time\" \/>\n\t<meta name=\"twitter:data1\" content=\"1 minuto\" \/>\n<script type=\"application\/ld+json\" class=\"yoast-schema-graph\">{\"@context\":\"https:\/\/schema.org\",\"@graph\":[{\"@type\":\"WebPage\",\"@id\":\"http:\/\/www.abogadoryan.com\/testimonials\/\",\"url\":\"http:\/\/www.abogadoryan.com\/testimonials\/\",\"name\":\"Client Testimonials | Ryan Nguyen Attorney at Law in Houston, TX\",\"isPartOf\":{\"@id\":\"https:\/\/www.abogadoryan.com\/#website\"},\"primaryImageOfPage\":{\"@id\":\"http:\/\/www.abogadoryan.com\/testimonials\/#primaryimage\"},\"image\":{\"@id\":\"http:\/\/www.abogadoryan.com\/testimonials\/#primaryimage\"},\"thumbnailUrl\":\"https:\/\/www.abogadoryan.com\/wp-content\/uploads\/2025\/06\/Client-Testimonials-Ryan-Nguyen-Attorney-at-Law-in-Houston-TX.jpg\",\"datePublished\":\"2025-03-18T06:19:28+00:00\",\"dateModified\":\"2025-06-03T14:27:00+00:00\",\"description\":\"Hear real client testimonials about our Houston injury lawyer and how we helped them secure maximum compensation for their injuries.\",\"breadcrumb\":{\"@id\":\"http:\/\/www.abogadoryan.com\/testimonials\/#breadcrumb\"},\"inLanguage\":\"es\",\"potentialAction\":[{\"@type\":\"ReadAction\",\"target\":[\"http:\/\/www.abogadoryan.com\/testimonials\/\"]}]},{\"@type\":\"ImageObject\",\"inLanguage\":\"es\",\"@id\":\"http:\/\/www.abogadoryan.com\/testimonials\/#primaryimage\",\"url\":\"https:\/\/www.abogadoryan.com\/wp-content\/uploads\/2025\/06\/Client-Testimonials-Ryan-Nguyen-Attorney-at-Law-in-Houston-TX.jpg\",\"contentUrl\":\"https:\/\/www.abogadoryan.com\/wp-content\/uploads\/2025\/06\/Client-Testimonials-Ryan-Nguyen-Attorney-at-Law-in-Houston-TX.jpg\",\"width\":500,\"height\":291,\"caption\":\"Client Testimonials | Ryan Nguyen Attorney at Law in Houston, TX\"},{\"@type\":\"BreadcrumbList\",\"@id\":\"http:\/\/www.abogadoryan.com\/testimonials\/#breadcrumb\",\"itemListElement\":[{\"@type\":\"ListItem\",\"position\":1,\"name\":\"Home\",\"item\":\"https:\/\/www.abogadoryan.com\/\"},{\"@type\":\"ListItem\",\"position\":2,\"name\":\"Testimonials\"}]},{\"@type\":\"WebSite\",\"@id\":\"https:\/\/www.abogadoryan.com\/#website\",\"url\":\"https:\/\/www.abogadoryan.com\/\",\"name\":\"Houston Personal Injury Attorney\",\"description\":\"Ryan Nguyen Attorney at Law | Abogado Ryan\",\"publisher\":{\"@id\":\"https:\/\/www.abogadoryan.com\/#organization\"},\"alternateName\":\"Ryan Nguyen Attorney at Law | Abogado Ryan\",\"potentialAction\":[{\"@type\":\"SearchAction\",\"target\":{\"@type\":\"EntryPoint\",\"urlTemplate\":\"https:\/\/www.abogadoryan.com\/?s={search_term_string}\"},\"query-input\":{\"@type\":\"PropertyValueSpecification\",\"valueRequired\":true,\"valueName\":\"search_term_string\"}}],\"inLanguage\":\"es\"},{\"@type\":\"Organization\",\"@id\":\"https:\/\/www.abogadoryan.com\/#organization\",\"name\":\"Ryan Nguyen Attorney at Law | Abogado Ryan\",\"url\":\"https:\/\/www.abogadoryan.com\/\",\"logo\":{\"@type\":\"ImageObject\",\"inLanguage\":\"es\",\"@id\":\"https:\/\/www.abogadoryan.com\/#\/schema\/logo\/image\/\",\"url\":\"https:\/\/www.abogadoryan.com\/wp-content\/uploads\/2025\/05\/El-alcon-2.webp\",\"contentUrl\":\"https:\/\/www.abogadoryan.com\/wp-content\/uploads\/2025\/05\/El-alcon-2.webp\",\"width\":671,\"height\":178,\"caption\":\"Ryan Nguyen Attorney at Law | Abogado Ryan\"},\"image\":{\"@id\":\"https:\/\/www.abogadoryan.com\/#\/schema\/logo\/image\/\"},\"sameAs\":[\"https:\/\/www.facebook.com\/people\/Abogado-Ryan-El-Alcon\/100091775298030\/\",\"https:\/\/www.instagram.com\/abogadoryanelalcon\/\"]}]}<\/script>\n<!-- \/ Yoast SEO plugin. -->","yoast_head_json":{"title":"Testimonios de Clientes | Ryan Nguyen Abogado en Houston, TX","description":"Escuche testimonios reales de clientes acerca de nuestro abogado de lesiones de Houston y c\u00f3mo les ayudamos a asegurar la m\u00e1xima compensaci\u00f3n por sus lesiones.","robots":{"index":"index","follow":"follow","max-snippet":"max-snippet:-1","max-image-preview":"max-image-preview:large","max-video-preview":"max-video-preview:-1"},"canonical":"http:\/\/www.abogadoryan.com\/es\/testimonios\/","og_locale":"es_MX","og_type":"article","og_title":"Client Testimonials | Ryan Nguyen Attorney at Law in Houston, TX","og_description":"Hear real client testimonials about our Houston injury lawyer and how we helped them secure maximum compensation for their injuries.","og_url":"http:\/\/www.abogadoryan.com\/es\/testimonios\/","og_site_name":"Houston Personal Injury Attorney","article_publisher":"https:\/\/www.facebook.com\/people\/Abogado-Ryan-El-Alcon\/100091775298030\/","article_modified_time":"2025-06-03T14:27:00+00:00","og_image":[{"width":500,"height":291,"url":"http:\/\/www.abogadoryan.com\/wp-content\/uploads\/2025\/06\/Client-Testimonials-Ryan-Nguyen-Attorney-at-Law-in-Houston-TX.jpg","type":"image\/jpeg"}],"twitter_card":"summary_large_image","twitter_misc":{"Est. reading time":"1 minuto"},"schema":{"@context":"https:\/\/schema.org","@graph":[{"@type":"WebPage","@id":"http:\/\/www.abogadoryan.com\/testimonials\/","url":"http:\/\/www.abogadoryan.com\/testimonials\/","name":"Testimonios de Clientes | Ryan Nguyen Abogado en Houston, TX","isPartOf":{"@id":"https:\/\/www.abogadoryan.com\/#website"},"primaryImageOfPage":{"@id":"http:\/\/www.abogadoryan.com\/testimonials\/#primaryimage"},"image":{"@id":"http:\/\/www.abogadoryan.com\/testimonials\/#primaryimage"},"thumbnailUrl":"https:\/\/www.abogadoryan.com\/wp-content\/uploads\/2025\/06\/Client-Testimonials-Ryan-Nguyen-Attorney-at-Law-in-Houston-TX.jpg","datePublished":"2025-03-18T06:19:28+00:00","dateModified":"2025-06-03T14:27:00+00:00","description":"Escuche testimonios reales de clientes acerca de nuestro abogado de lesiones de Houston y c\u00f3mo les ayudamos a asegurar la m\u00e1xima compensaci\u00f3n por sus lesiones.","breadcrumb":{"@id":"http:\/\/www.abogadoryan.com\/testimonials\/#breadcrumb"},"inLanguage":"es","potentialAction":[{"@type":"ReadAction","target":["http:\/\/www.abogadoryan.com\/testimonials\/"]}]},{"@type":"ImageObject","inLanguage":"es","@id":"http:\/\/www.abogadoryan.com\/testimonials\/#primaryimage","url":"https:\/\/www.abogadoryan.com\/wp-content\/uploads\/2025\/06\/Client-Testimonials-Ryan-Nguyen-Attorney-at-Law-in-Houston-TX.jpg","contentUrl":"https:\/\/www.abogadoryan.com\/wp-content\/uploads\/2025\/06\/Client-Testimonials-Ryan-Nguyen-Attorney-at-Law-in-Houston-TX.jpg","width":500,"height":291,"caption":"Client Testimonials | Ryan Nguyen Attorney at Law in Houston, TX"},{"@type":"BreadcrumbList","@id":"http:\/\/www.abogadoryan.com\/testimonials\/#breadcrumb","itemListElement":[{"@type":"ListItem","position":1,"name":"Home","item":"https:\/\/www.abogadoryan.com\/"},{"@type":"ListItem","position":2,"name":"Testimonials"}]},{"@type":"WebSite","@id":"https:\/\/www.abogadoryan.com\/#website","url":"https:\/\/www.abogadoryan.com\/","name":"Houston Abogado de Lesiones Personales","description":"Ryan Nguyen Attorney at Law | Abogado Ryan","publisher":{"@id":"https:\/\/www.abogadoryan.com\/#organization"},"alternateName":"Ryan Nguyen Attorney at Law | Abogado Ryan","potentialAction":[{"@type":"SearchAction","target":{"@type":"EntryPoint","urlTemplate":"https:\/\/www.abogadoryan.com\/?s={search_term_string}"},"query-input":{"@type":"PropertyValueSpecification","valueRequired":true,"valueName":"search_term_string"}}],"inLanguage":"es"},{"@type":"Organization","@id":"https:\/\/www.abogadoryan.com\/#organization","name":"Ryan Nguyen Attorney at Law | Abogado Ryan","url":"https:\/\/www.abogadoryan.com\/","logo":{"@type":"ImageObject","inLanguage":"es","@id":"https:\/\/www.abogadoryan.com\/#\/schema\/logo\/image\/","url":"https:\/\/www.abogadoryan.com\/wp-content\/uploads\/2025\/05\/El-alcon-2.webp","contentUrl":"https:\/\/www.abogadoryan.com\/wp-content\/uploads\/2025\/05\/El-alcon-2.webp","width":671,"height":178,"caption":"Ryan Nguyen Attorney at Law | Abogado Ryan"},"image":{"@id":"https:\/\/www.abogadoryan.com\/#\/schema\/logo\/image\/"},"sameAs":["https:\/\/www.facebook.com\/people\/Abogado-Ryan-El-Alcon\/100091775298030\/","https:\/\/www.instagram.com\/abogadoryanelalcon\/"]}]}},"_links":{"self":[{"href":"https:\/\/www.abogadoryan.com\/es\/wp-json\/wp\/v2\/pages\/44","targetHints":{"allow":["GET"]}}],"collection":[{"href":"https:\/\/www.abogadoryan.com\/es\/wp-json\/wp\/v2\/pages"}],"about":[{"href":"https:\/\/www.abogadoryan.com\/es\/wp-json\/wp\/v2\/types\/page"}],"author":[{"embeddable":true,"href":"https:\/\/www.abogadoryan.com\/es\/wp-json\/wp\/v2\/users\/4"}],"replies":[{"embeddable":true,"href":"https:\/\/www.abogadoryan.com\/es\/wp-json\/wp\/v2\/comments?post=44"}],"version-history":[{"count":0,"href":"https:\/\/www.abogadoryan.com\/es\/wp-json\/wp\/v2\/pages\/44\/revisions"}],"wp:featuredmedia":[{"embeddable":true,"href":"https:\/\/www.abogadoryan.com\/es\/wp-json\/wp\/v2\/media\/1456"}],"wp:attachment":[{"href":"https:\/\/www.abogadoryan.com\/es\/wp-json\/wp\/v2\/media?parent=44"}],"curies":[{"name":"wp","href":"https:\/\/api.w.org\/{rel}","templated":true}]}}