{"id":695,"date":"2025-05-15T10:52:47","date_gmt":"2025-05-15T14:52:47","guid":{"rendered":"https:\/\/www.abogadoryan.com\/?page_id=695"},"modified":"2025-09-10T11:53:45","modified_gmt":"2025-09-10T15:53:45","slug":"abogado-ryan-nguyen","status":"publish","type":"page","link":"https:\/\/www.abogadoryan.com\/es\/attorney-ryan-nguyen\/","title":{"rendered":"Abogado Ryan Nguyen"},"content":{"rendered":"<section class=\"section\" id=\"section_1241792798\">\n\t\t<div class=\"section-bg fill\" >\n\t\t\t\t\t\t\t\t\t\n\t\t\t\n\n\t\t<\/div>\n\n\t\t\n\n\t\t<div class=\"section-content relative\">\n\t\t\t\n<div class=\"row align-middle align-center\"  id=\"row-458045904\">\n\n\t<div id=\"col-355678459\" class=\"col medium-5 small-12 large-5\"  >\n\t\t\t\t<div class=\"col-inner\"  >\n\t\t\t\n\t\t\t\n\t<div class=\"img has-hover x md-x lg-x y md-y lg-y\" id=\"image_390953442\">\n\t\t\t\t\t\t\t\t<div class=\"img-inner image-cover dark\" style=\"padding-top:500px;\">\n\t\t\t<img loading=\"lazy\" decoding=\"async\" width=\"571\" height=\"602\" src=\"https:\/\/www.abogadoryan.com\/wp-content\/uploads\/2025\/05\/Houston-TX-Personal-Injury-Law-Office-Attorney-Ryan-Nguyen-e1747663285523.webp\" class=\"attachment-original size-original\" alt=\"Houston, TX Oficina de Lesiones Personales Abogado Ryan Nguyen\" srcset=\"https:\/\/www.abogadoryan.com\/wp-content\/uploads\/2025\/05\/Houston-TX-Personal-Injury-Law-Office-Attorney-Ryan-Nguyen-e1747663285523.webp 571w, https:\/\/www.abogadoryan.com\/wp-content\/uploads\/2025\/05\/Houston-TX-Personal-Injury-Law-Office-Attorney-Ryan-Nguyen-e1747663285523-379x400.webp 379w, https:\/\/www.abogadoryan.com\/wp-content\/uploads\/2025\/05\/Houston-TX-Personal-Injury-Law-Office-Attorney-Ryan-Nguyen-e1747663285523-11x12.webp 11w\" sizes=\"auto, (max-width: 571px) 100vw, 571px\" \/>\t\t\t\t\t\t\n\t\t\t\t\t<\/div>\n\t\t\t\t\t\t\t\t\n<style>\n#image_390953442 {\n  width: 100%;\n}\n<\/style>\n\t<\/div>\n\t\n\t\t<\/div>\n\t\t\t\t\t<\/div>\n\n\t\n\n\t<div id=\"col-1293346724\" class=\"col medium-12 small-12 large-5\"  >\n\t\t\t\t<div class=\"col-inner\"  >\n\t\t\t\n\t\t\t\n\t<div id=\"gap-1284559472\" class=\"gap-element clearfix\" style=\"display:block; height:auto;\">\n\t\t\n<style>\n#gap-1284559472 {\n  padding-top: 30px;\n}\n<\/style>\n\t<\/div>\n\t\n\t<div id=\"text-3532095291\" class=\"text\">\n\t\t\n<h6>Abogado de lesiones de Houston<\/h6>\n\t\t\n<style>\n#text-3532095291 {\n  font-size: 1rem;\n}\n@media (min-width:550px) {\n  #text-3532095291 {\n    font-size: 1.35rem;\n  }\n}\n<\/style>\n\t<\/div>\n\t\n\t<div id=\"text-2332976268\" class=\"text\">\n\t\t\n<h1>Ryan Nguyen<\/h1>\n<p>Fundador<br \/><span style=\"font-size: 120%;\" data-text-color=\"primary\"><strong>Tel\u00e9fono: (832) 742-6300<\/strong><\/span><\/p>\n\t\t\n<style>\n#text-2332976268 {\n  font-size: 1.25rem;\n}\n@media (min-width:550px) {\n  #text-2332976268 {\n    font-size: 1.5rem;\n  }\n}\n@media (min-width:850px) {\n  #text-2332976268 {\n    font-size: 1.8rem;\n  }\n}\n<\/style>\n\t<\/div>\n\t\n<a data-animate=\"bounceInDown\" href=\"\/es\/contacto\/\" class=\"button primary is-underline\"  >\n\t\t<span>Concertar una consulta gratuita<\/span>\n\t<\/a>\n\n\t\t<\/div>\n\t\t\t\t\n<style>\n#col-1293346724 > .col-inner {\n  padding: 0px 0px 50px 0px;\n}\n@media (min-width:550px) {\n  #col-1293346724 > .col-inner {\n    padding: 0px 0px 0px 30px;\n  }\n}\n<\/style>\n\t<\/div>\n\n\t\n<\/div>\n<div class=\"row\"  id=\"row-1652607223\">\n\n\t<div id=\"col-1541661111\" class=\"col small-12 large-12\"  >\n\t\t\t\t<div class=\"col-inner\"  >\n\t\t\t\n\t\t\t\n<h2>Biograf\u00eda<\/h2>\n<p>Abogado Ryan Nguyen \"El Halc\u00f3n\" trae su vasta experiencia como abogado demandante superior. Como uno de los mejores de la naci\u00f3n de la acci\u00f3n y la masa agravios abogado, Ryan recientemente fue directamente responsable de m\u00e1s de $35.8 Millones otorgado a sus clientes.<\/p>\n<p>Ryan ha representado a miles de demandantes por lesiones personales en todo el pa\u00eds y localmente en Texas, en casos relacionados con el derrame de petr\u00f3leo de BP Deepwater Horizon, defectos de ignici\u00f3n de GM, envenenamiento t\u00f3xico por dioxinas, litigios por amianto\/mesotelioma y dep\u00f3sitos de inundaci\u00f3n por el hurac\u00e1n Harvey. Ryan utiliza su riqueza de conocimientos jur\u00eddicos y liderazgo resuelto para luchar celosamente por sus clientes lesionados.<\/p>\n<p>Ryan Nguyen es natural de Houston y se licenci\u00f3 summa cum laude en Biolog\u00eda y Qu\u00edmica por la Universidad de Houston. Ryan m\u00e1s tarde asisti\u00f3 a la escuela de medicina en el Baylor College of Medicine (BCM). Posteriormente, Ryan se licenci\u00f3 en Derecho por el Centro de Derecho de la Universidad de Houston. All\u00ed, Ryan tambi\u00e9n trabaj\u00f3 como redactor jefe de art\u00edculos del Energy Law and Policy Journal. Ryan trabaj\u00f3 como pasante judicial para el Tribunal Civil del Distrito 295 del Condado de Harris y, posteriormente, para el Primer Tribunal de Apelaciones de Texas. Anteriormente, Ryan se especializ\u00f3 en litigios farmac\u00e9uticos y por responsabilidad civil cuando trabajaba en un importante bufete de abogados y, posteriormente, en la defensa de casos de negligencia m\u00e9dica cuando trabajaba en BCM - Office of General Counsel.<\/p>\n<p>Aparte de su querido trabajo legal, Ryan est\u00e1 muy involucrado en la comunidad de Houston. Ryan recientemente sirvi\u00f3 como: un Houston Super Bowl Game Showcase Committee Member; un Health Fest Houston Host Committee Member; el Top Fundraiser como Emisario de la Fundaci\u00f3n Aga Khan; el creador y punta de lanza para un fondo de caridad que recaud\u00f3 m\u00e1s de $120,000 para una v\u00edctima de Houston en necesidad; y una \"Celebridad Local\" Participante en el 2017 Houston's Dancing with the Stars (DWTS), que gan\u00f3 el Campeonato de DWTS.<\/p>\n\t\t<\/div>\n\t\t\t\t\t<\/div>\n\n\t\n<\/div>\n\t\t<\/div>\n\n\t\t\n<style>\n#section_1241792798 {\n  padding-top: 30px;\n  padding-bottom: 30px;\n  min-height: 300px;\n}\n@media (min-width:550px) {\n  #section_1241792798 {\n    min-height: 600px;\n  }\n}\n@media (min-width:850px) {\n  #section_1241792798 {\n    min-height: 350px;\n  }\n}\n<\/style>\n\t<\/section>\n\t\n\n\t<section class=\"section\" id=\"section_712766731\">\n\t\t<div class=\"section-bg fill\" >\n\t\t\t\t\t\t\t\t\t\n\t\t\t\n\n\t\t<\/div>\n\n\t\t\n\n\t\t<div class=\"section-content relative\">\n\t\t\t\n<div class=\"row\" style=\"max-width:1200px\" id=\"row-1089624939\">\n\n\t<div id=\"col-1185947620\" class=\"col small-12 large-12\"  >\n\t\t\t\t<div class=\"col-inner\"  >\n\t\t\t\n\t\t\t\n\t<div id=\"text-3609342655\" class=\"text\">\n\t\t\n<h2>Acerca de Ryan Nguyen Abogado<\/h2>\n\t\t\n<style>\n#text-3609342655 {\n  font-size: 1.75rem;\n  text-align: center;\n}\n<\/style>\n\t<\/div>\n\t\n\t\t<\/div>\n\t\t\t\t\t<\/div>\n\n\t\n<\/div>\n<div class=\"row row-large row-solid\" style=\"max-width:1200px\" id=\"row-978219423\">\n\n\t<div id=\"col-1439645697\" class=\"col medium-10 small-12 large-6\"  >\n\t\t\t\t<div class=\"col-inner\"  >\n\t\t\t\n\t\t\t\n\n\t\t<div class=\"icon-box featured-box icon-box-left text-left\"  >\n\t\t\t\t<div class=\"icon-box-text last-reset\">\n\t\t\t\t\t\t\t\t\t\n<h2>\u00c1reas de actividad<\/h2>\n<ul>\n<li class=\"bullet-arrow\"><span style=\"font-size: 120%;\"><strong><a href=\"https:\/\/www.abogadoryan.com\/es\/houston-abogado-de-accidente-de-coche\/\">Accidentes de tr\u00e1fico<\/a><\/strong><\/span><\/li>\n<li class=\"bullet-arrow\"><span style=\"font-size: 120%;\"><strong><a href=\"https:\/\/www.abogadoryan.com\/es\/uber-lyft-accidente-abogado-en-houston-tx\/\">Accidentes de Uber y Lyft<\/a><\/strong><\/span><\/li>\n<li class=\"bullet-arrow\"><span style=\"font-size: 120%;\"><strong><a href=\"https:\/\/www.abogadoryan.com\/es\/abogado-de-accidentes-de-18-ruedas-en-houston-tx\/\">Accidentes de 18 ruedas<\/a><\/strong><\/span><\/li>\n<li class=\"bullet-arrow\"><span style=\"font-size: 120%;\"><strong><a href=\"https:\/\/www.abogadoryan.com\/es\/abogado-de-accidente-de-motocicleta-en-houston-tx\/\">Accidentes de moto<\/a><\/strong><\/span><\/li>\n<li class=\"bullet-arrow\"><span style=\"font-size: 120%;\"><strong><a href=\"https:\/\/www.abogadoryan.com\/es\/houston-abogado-de-accidente-de-bicicleta\/\">Accidentes de bicicleta<\/a><\/strong><\/span><\/li>\n<li class=\"bullet-arrow\"><span style=\"font-size: 120%;\"><strong><a href=\"https:\/\/www.abogadoryan.com\/es\/abogado-de-accidentes-de-peatones-en-houston-tx\/\">Accidentes de peatones<\/a><\/strong><\/span><\/li>\n<li class=\"bullet-arrow\"><span style=\"font-size: 120%;\"><strong><a href=\"https:\/\/www.abogadoryan.com\/es\/abogado-de-muerte-injusta-en-houston-tx\/\">Muerte por negligencia<\/a><\/strong><\/span><\/li>\n<li class=\"bullet-arrow\"><span style=\"font-size: 120%;\"><strong><a href=\"https:\/\/www.abogadoryan.com\/es\/resbalon-caida-abogado-en-houston-tx\/\">Accidentes por resbalones y ca\u00eddas<\/a><\/strong><\/span><\/li>\n<li class=\"bullet-arrow\"><span style=\"font-size: 120%;\"><strong><a href=\"https:\/\/www.abogadoryan.com\/es\/abogado-de-responsabilidad-de-locales-en-houston-tx\/\">Responsabilidad civil<\/a><\/strong><\/span><\/li>\n<li class=\"bullet-arrow\"><span style=\"font-size: 120%;\"><strong><a href=\"https:\/\/www.abogadoryan.com\/es\/abogado-de-lesiones-de-explosion-en-houston-tx\/\">Lesiones por explosi\u00f3n<\/a><\/strong><\/span><\/li>\n<li class=\"bullet-arrow\"><span style=\"font-size: 120%;\"><strong><a href=\"https:\/\/www.abogadoryan.com\/es\/abogado-de-mordedura-de-perro-en-houston-tx\/\">Mordeduras de perro<\/a><\/strong><\/span><\/li>\n<li class=\"bullet-arrow\"><span style=\"font-size: 120%;\"><strong><a href=\"https:\/\/www.abogadoryan.com\/es\/abogado-de-negligencia-medica-en-houston-tx\/\">Negligencias m\u00e9dicas<\/a><\/strong><\/span><\/li>\n<\/ul>\n\t\t<\/div>\n\t<\/div>\n\t\n\t\n\t<div id=\"gap-1908185159\" class=\"gap-element clearfix\" style=\"display:block; height:auto;\">\n\t\t\n<style>\n#gap-1908185159 {\n  padding-top: 30px;\n}\n<\/style>\n\t<\/div>\n\t\n\t\t<\/div>\n\t\t\t\t\n<style>\n#col-1439645697 > .col-inner {\n  padding: 0px 0 0px 0px;\n}\n@media (min-width:850px) {\n  #col-1439645697 > .col-inner {\n    padding: 0px 40px 0px 30px;\n  }\n}\n<\/style>\n\t<\/div>\n\n\t\n\n\t<div id=\"col-609603038\" class=\"col medium-10 small-12 large-6\"  >\n\t\t\t\t<div class=\"col-inner\"  >\n\t\t\t\n\t\t\t\n\n\t\t<div class=\"icon-box featured-box icon-box-left text-left\"  >\n\t\t\t\t<div class=\"icon-box-text last-reset\">\n\t\t\t\t\t\t\t\t\t\n\t<div id=\"text-2987606853\" class=\"text\">\n\t\t\n<h2>Educaci\u00f3n<\/h2>\n<ul>\n<li>Centro de Derecho de la Universidad de Houston, Houston, Texas<br \/>J.D. - 2012<\/li>\n<li>Universidad de Houston, Houston, Texas<br \/>B.S.<\/li>\n<li>Matr\u00edcula de honor: summa cum laude<\/li>\n<li>Especialidad: Biolog\u00eda<\/li>\n<li>Estudios secundarios: Qu\u00edmica<\/li>\n<li>Facultad de Medicina Baylor, Houston, Texas<br \/>Facultad de Medicina<\/li>\n<\/ul>\n<h2>Idiomas<\/h2>\n<ul>\n<li>Ingl\u00e9s<\/li>\n<li>Espa\u00f1ol<\/li>\n<li>Vietnamita<\/li>\n<\/ul>\n\t\t\n<style>\n#text-2987606853 {\n  font-size: 1.2rem;\n}\n<\/style>\n\t<\/div>\n\t\n\t\t<\/div>\n\t<\/div>\n\t\n\t\n\t\t<\/div>\n\t\t\t\t\n<style>\n#col-609603038 > .col-inner {\n  padding: 0px 0px 0px 0;\n}\n@media (min-width:850px) {\n  #col-609603038 > .col-inner {\n    padding: 0px 0px 0px 30px;\n  }\n}\n<\/style>\n\t<\/div>\n\n\t\n<\/div>\n\t\t<\/div>\n\n\t\t\n<style>\n#section_712766731 {\n  padding-top: 50px;\n  padding-bottom: 50px;\n  background-color: rgb(249, 249, 249);\n}\n<\/style>\n\t<\/section>\n\t\n\n\t<section class=\"section dark\" id=\"section_162091418\">\n\t\t<div class=\"section-bg fill\" >\n\t\t\t\t\t\t\t\t\t\n\t\t\t\n\n\t\t<\/div>\n\n\t\t\n\n\t\t<div class=\"section-content relative\">\n\t\t\t\n\t<div id=\"gap-305001836\" class=\"gap-element clearfix\" style=\"display:block; height:auto;\">\n\t\t\n<style>\n#gap-305001836 {\n  padding-top: 30px;\n}\n<\/style>\n\t<\/div>\n\t\n<div class=\"row align-bottom\" style=\"max-width:1200px\" id=\"row-1425174423\">\n\n\t<div id=\"col-308504187\" class=\"col medium-12 small-12 large-6\"  >\n\t\t\t\t<div class=\"col-inner\"  >\n\t\t\t\n\t\t\t\n\t<div id=\"text-2869945810\" class=\"text\">\n\t\t\n<h6>P\u00f3ngase en contacto con<\/h6>\n\t\t\n<style>\n#text-2869945810 {\n  font-size: 1.1rem;\n  text-align: left;\n}\n<\/style>\n\t<\/div>\n\t\n\t<div id=\"text-404554516\" class=\"text\">\n\t\t\n<h2>\u00bfTiene alguna pregunta? Ll\u00e1mame<br \/>\n\t\t\n<style>\n#text-404554516 {\n  font-size: 2rem;\n}\n@media (min-width:550px) {\n  #text-404554516 {\n    font-size: 1.5rem;\n  }\n}\n<\/style>\n\t<\/div>\n\t\n<\/h2>\n\t\t<\/div>\n\t\t\t\t\t<\/div>\n\n\t\n\n\t<div id=\"col-735422921\" class=\"col medium-12 small-12 large-6\"  >\n\t\t\t\t<div class=\"col-inner\"  >\n\t\t\t\n\t\t\t\n<a href=\"\/es\/contacto\/\" class=\"button white expand\"  style=\"padding:5px 0px 5px 0px;\">\n\t\t<span>Concertar una consulta gratuita<\/span>\n\t<\/a>\n\n\t\t<\/div>\n\t\t\t\t\n<style>\n#col-735422921 > .col-inner {\n  padding: 0px 0px 0px 0;\n  margin: -0 0px 0px 0px;\n}\n@media (min-width:850px) {\n  #col-735422921 > .col-inner {\n    padding: 0px 0px 0px 30px;\n    margin: -70px 0px 0px 0px;\n  }\n}\n<\/style>\n\t<\/div>\n\n\t\n<\/div>\n\t\t<\/div>\n\n\t\t\n<style>\n#section_162091418 {\n  padding-top: 30px;\n  padding-bottom: 30px;\n  background-color: #ba4432;\n}\n<\/style>\n\t<\/section>","protected":false},"excerpt":{"rendered":"","protected":false},"author":7,"featured_media":746,"parent":0,"menu_order":0,"comment_status":"closed","ping_status":"closed","template":"page-blank.php","meta":{"rop_custom_images_group":[],"rop_custom_messages_group":[],"rop_publish_now":"initial","rop_publish_now_accounts":{"gmb_102881417945905937602_accounts\/102881417945905937602\/locations\/1035578975179904606":"","twitter_1995539061403201537_1995539061403201537":""},"rop_publish_now_history":[],"rop_publish_now_status":"pending","footnotes":""},"class_list":["post-695","page","type-page","status-publish","has-post-thumbnail","hentry"],"yoast_head":"<!-- This site is optimized with the Yoast SEO plugin v27.1.1 - https:\/\/yoast.com\/product\/yoast-seo-wordpress\/ -->\n<title>Attorney Ryan Nguyen | Personal Injury Attorney in Houston, TX<\/title>\n<meta name=\"description\" content=\"Top Houston injury lawyer Ryan Nguyen (&quot;El Halc\u00f3n&quot;) has won over $35M for clients in mass torts, class actions, and personal injury cases.\" \/>\n<meta name=\"robots\" content=\"index, follow, max-snippet:-1, max-image-preview:large, max-video-preview:-1\" \/>\n<link rel=\"canonical\" href=\"http:\/\/www.abogadoryan.com\/es\/abogado-ryan-nguyen\/\" \/>\n<meta property=\"og:locale\" content=\"es_MX\" \/>\n<meta property=\"og:type\" content=\"article\" \/>\n<meta property=\"og:title\" content=\"Attorney Ryan Nguyen | Personal Injury Attorney in Houston, TX\" \/>\n<meta property=\"og:description\" content=\"Top Houston injury lawyer Ryan Nguyen (&quot;El Halc\u00f3n&quot;) has won over $35M for clients in mass torts, class actions, and personal injury cases.\" \/>\n<meta property=\"og:url\" content=\"http:\/\/www.abogadoryan.com\/es\/abogado-ryan-nguyen\/\" \/>\n<meta property=\"og:site_name\" content=\"Houston Personal Injury Attorney\" \/>\n<meta property=\"article:publisher\" content=\"https:\/\/www.facebook.com\/people\/Abogado-Ryan-El-Alcon\/100091775298030\/\" \/>\n<meta property=\"article:modified_time\" content=\"2025-09-10T15:53:45+00:00\" \/>\n<meta property=\"og:image\" content=\"http:\/\/www.abogadoryan.com\/wp-content\/uploads\/2025\/05\/Attorney-Ryan-Nguyen-Personal-Injury-Attorney-in-Houston-TX-e1747661529969.webp\" \/>\n\t<meta property=\"og:image:width\" content=\"568\" \/>\n\t<meta property=\"og:image:height\" content=\"620\" \/>\n\t<meta property=\"og:image:type\" content=\"image\/webp\" \/>\n<meta name=\"twitter:card\" content=\"summary_large_image\" \/>\n<meta name=\"twitter:label1\" content=\"Est. reading time\" \/>\n\t<meta name=\"twitter:data1\" content=\"3 minutos\" \/>\n<script type=\"application\/ld+json\" class=\"yoast-schema-graph\">{\"@context\":\"https:\/\/schema.org\",\"@graph\":[{\"@type\":\"WebPage\",\"@id\":\"http:\/\/www.abogadoryan.com\/attorney-ryan-nguyen\/\",\"url\":\"http:\/\/www.abogadoryan.com\/attorney-ryan-nguyen\/\",\"name\":\"Attorney Ryan Nguyen | Personal Injury Attorney in Houston, TX\",\"isPartOf\":{\"@id\":\"http:\/\/www.abogadoryan.com\/#website\"},\"primaryImageOfPage\":{\"@id\":\"http:\/\/www.abogadoryan.com\/attorney-ryan-nguyen\/#primaryimage\"},\"image\":{\"@id\":\"http:\/\/www.abogadoryan.com\/attorney-ryan-nguyen\/#primaryimage\"},\"thumbnailUrl\":\"https:\/\/www.abogadoryan.com\/wp-content\/uploads\/2025\/05\/Attorney-Ryan-Nguyen-Personal-Injury-Attorney-in-Houston-TX-e1747661529969.webp\",\"datePublished\":\"2025-05-15T14:52:47+00:00\",\"dateModified\":\"2025-09-10T15:53:45+00:00\",\"description\":\"Top Houston injury lawyer Ryan Nguyen (\\\"El Halc\u00f3n\\\") has won over $35M for clients in mass torts, class actions, and personal injury cases.\",\"breadcrumb\":{\"@id\":\"http:\/\/www.abogadoryan.com\/attorney-ryan-nguyen\/#breadcrumb\"},\"inLanguage\":\"es\",\"potentialAction\":[{\"@type\":\"ReadAction\",\"target\":[\"http:\/\/www.abogadoryan.com\/attorney-ryan-nguyen\/\"]}]},{\"@type\":\"ImageObject\",\"inLanguage\":\"es\",\"@id\":\"http:\/\/www.abogadoryan.com\/attorney-ryan-nguyen\/#primaryimage\",\"url\":\"https:\/\/www.abogadoryan.com\/wp-content\/uploads\/2025\/05\/Attorney-Ryan-Nguyen-Personal-Injury-Attorney-in-Houston-TX-e1747661529969.webp\",\"contentUrl\":\"https:\/\/www.abogadoryan.com\/wp-content\/uploads\/2025\/05\/Attorney-Ryan-Nguyen-Personal-Injury-Attorney-in-Houston-TX-e1747661529969.webp\",\"width\":568,\"height\":620,\"caption\":\"Attorney Ryan Nguyen Personal Injury Attorney in Houston, TX\"},{\"@type\":\"BreadcrumbList\",\"@id\":\"http:\/\/www.abogadoryan.com\/attorney-ryan-nguyen\/#breadcrumb\",\"itemListElement\":[{\"@type\":\"ListItem\",\"position\":1,\"name\":\"Home\",\"item\":\"http:\/\/www.abogadoryan.com\/\"},{\"@type\":\"ListItem\",\"position\":2,\"name\":\"Attorney Ryan Nguyen\"}]},{\"@type\":\"WebSite\",\"@id\":\"http:\/\/www.abogadoryan.com\/#website\",\"url\":\"http:\/\/www.abogadoryan.com\/\",\"name\":\"Houston Personal Injury Attorney\",\"description\":\"Ryan Nguyen Attorney at Law | Abogado Ryan\",\"publisher\":{\"@id\":\"http:\/\/www.abogadoryan.com\/#organization\"},\"alternateName\":\"Ryan Nguyen Attorney at Law | Abogado Ryan\",\"potentialAction\":[{\"@type\":\"SearchAction\",\"target\":{\"@type\":\"EntryPoint\",\"urlTemplate\":\"http:\/\/www.abogadoryan.com\/?s={search_term_string}\"},\"query-input\":{\"@type\":\"PropertyValueSpecification\",\"valueRequired\":true,\"valueName\":\"search_term_string\"}}],\"inLanguage\":\"es\"},{\"@type\":\"Organization\",\"@id\":\"http:\/\/www.abogadoryan.com\/#organization\",\"name\":\"Ryan Nguyen Attorney at Law | Abogado Ryan\",\"url\":\"http:\/\/www.abogadoryan.com\/\",\"logo\":{\"@type\":\"ImageObject\",\"inLanguage\":\"es\",\"@id\":\"http:\/\/www.abogadoryan.com\/#\/schema\/logo\/image\/\",\"url\":\"https:\/\/www.abogadoryan.com\/wp-content\/uploads\/2025\/05\/El-alcon-2.webp\",\"contentUrl\":\"https:\/\/www.abogadoryan.com\/wp-content\/uploads\/2025\/05\/El-alcon-2.webp\",\"width\":671,\"height\":178,\"caption\":\"Ryan Nguyen Attorney at Law | Abogado Ryan\"},\"image\":{\"@id\":\"http:\/\/www.abogadoryan.com\/#\/schema\/logo\/image\/\"},\"sameAs\":[\"https:\/\/www.facebook.com\/people\/Abogado-Ryan-El-Alcon\/100091775298030\/\",\"https:\/\/www.instagram.com\/abogadoryanelalcon\/\"]}]}<\/script>\n<!-- \/ Yoast SEO plugin. -->","yoast_head_json":{"title":"Abogado Ryan Nguyen | Abogado de Lesiones Personales en Houston, TX","description":"Top Houston lesiones abogado Ryan Nguyen (\"El Halc\u00f3n\") ha ganado m\u00e1s de $35M para los clientes en agravios masivos, acciones de clase, y los casos de lesiones personales.","robots":{"index":"index","follow":"follow","max-snippet":"max-snippet:-1","max-image-preview":"max-image-preview:large","max-video-preview":"max-video-preview:-1"},"canonical":"http:\/\/www.abogadoryan.com\/es\/abogado-ryan-nguyen\/","og_locale":"es_MX","og_type":"article","og_title":"Attorney Ryan Nguyen | Personal Injury Attorney in Houston, TX","og_description":"Top Houston injury lawyer Ryan Nguyen (\"El Halc\u00f3n\") has won over $35M for clients in mass torts, class actions, and personal injury cases.","og_url":"http:\/\/www.abogadoryan.com\/es\/abogado-ryan-nguyen\/","og_site_name":"Houston Personal Injury Attorney","article_publisher":"https:\/\/www.facebook.com\/people\/Abogado-Ryan-El-Alcon\/100091775298030\/","article_modified_time":"2025-09-10T15:53:45+00:00","og_image":[{"width":568,"height":620,"url":"http:\/\/www.abogadoryan.com\/wp-content\/uploads\/2025\/05\/Attorney-Ryan-Nguyen-Personal-Injury-Attorney-in-Houston-TX-e1747661529969.webp","type":"image\/webp"}],"twitter_card":"summary_large_image","twitter_misc":{"Est. reading time":"3 minutos"},"schema":{"@context":"https:\/\/schema.org","@graph":[{"@type":"WebPage","@id":"http:\/\/www.abogadoryan.com\/attorney-ryan-nguyen\/","url":"http:\/\/www.abogadoryan.com\/attorney-ryan-nguyen\/","name":"Abogado Ryan Nguyen | Abogado de Lesiones Personales en Houston, TX","isPartOf":{"@id":"http:\/\/www.abogadoryan.com\/#website"},"primaryImageOfPage":{"@id":"http:\/\/www.abogadoryan.com\/attorney-ryan-nguyen\/#primaryimage"},"image":{"@id":"http:\/\/www.abogadoryan.com\/attorney-ryan-nguyen\/#primaryimage"},"thumbnailUrl":"https:\/\/www.abogadoryan.com\/wp-content\/uploads\/2025\/05\/Attorney-Ryan-Nguyen-Personal-Injury-Attorney-in-Houston-TX-e1747661529969.webp","datePublished":"2025-05-15T14:52:47+00:00","dateModified":"2025-09-10T15:53:45+00:00","description":"Top Houston lesiones abogado Ryan Nguyen (\"El Halc\u00f3n\") ha ganado m\u00e1s de $35M para los clientes en agravios masivos, acciones de clase, y los casos de lesiones personales.","breadcrumb":{"@id":"http:\/\/www.abogadoryan.com\/attorney-ryan-nguyen\/#breadcrumb"},"inLanguage":"es","potentialAction":[{"@type":"ReadAction","target":["http:\/\/www.abogadoryan.com\/attorney-ryan-nguyen\/"]}]},{"@type":"ImageObject","inLanguage":"es","@id":"http:\/\/www.abogadoryan.com\/attorney-ryan-nguyen\/#primaryimage","url":"https:\/\/www.abogadoryan.com\/wp-content\/uploads\/2025\/05\/Attorney-Ryan-Nguyen-Personal-Injury-Attorney-in-Houston-TX-e1747661529969.webp","contentUrl":"https:\/\/www.abogadoryan.com\/wp-content\/uploads\/2025\/05\/Attorney-Ryan-Nguyen-Personal-Injury-Attorney-in-Houston-TX-e1747661529969.webp","width":568,"height":620,"caption":"Attorney Ryan Nguyen Personal Injury Attorney in Houston, TX"},{"@type":"BreadcrumbList","@id":"http:\/\/www.abogadoryan.com\/attorney-ryan-nguyen\/#breadcrumb","itemListElement":[{"@type":"ListItem","position":1,"name":"Home","item":"http:\/\/www.abogadoryan.com\/"},{"@type":"ListItem","position":2,"name":"Attorney Ryan Nguyen"}]},{"@type":"WebSite","@id":"http:\/\/www.abogadoryan.com\/#website","url":"http:\/\/www.abogadoryan.com\/","name":"Houston Abogado de Lesiones Personales","description":"Ryan Nguyen Attorney at Law | Abogado Ryan","publisher":{"@id":"http:\/\/www.abogadoryan.com\/#organization"},"alternateName":"Ryan Nguyen Attorney at Law | Abogado Ryan","potentialAction":[{"@type":"SearchAction","target":{"@type":"EntryPoint","urlTemplate":"http:\/\/www.abogadoryan.com\/?s={search_term_string}"},"query-input":{"@type":"PropertyValueSpecification","valueRequired":true,"valueName":"search_term_string"}}],"inLanguage":"es"},{"@type":"Organization","@id":"http:\/\/www.abogadoryan.com\/#organization","name":"Ryan Nguyen Attorney at Law | Abogado Ryan","url":"http:\/\/www.abogadoryan.com\/","logo":{"@type":"ImageObject","inLanguage":"es","@id":"http:\/\/www.abogadoryan.com\/#\/schema\/logo\/image\/","url":"https:\/\/www.abogadoryan.com\/wp-content\/uploads\/2025\/05\/El-alcon-2.webp","contentUrl":"https:\/\/www.abogadoryan.com\/wp-content\/uploads\/2025\/05\/El-alcon-2.webp","width":671,"height":178,"caption":"Ryan Nguyen Attorney at Law | Abogado Ryan"},"image":{"@id":"http:\/\/www.abogadoryan.com\/#\/schema\/logo\/image\/"},"sameAs":["https:\/\/www.facebook.com\/people\/Abogado-Ryan-El-Alcon\/100091775298030\/","https:\/\/www.instagram.com\/abogadoryanelalcon\/"]}]}},"_links":{"self":[{"href":"https:\/\/www.abogadoryan.com\/es\/wp-json\/wp\/v2\/pages\/695","targetHints":{"allow":["GET"]}}],"collection":[{"href":"https:\/\/www.abogadoryan.com\/es\/wp-json\/wp\/v2\/pages"}],"about":[{"href":"https:\/\/www.abogadoryan.com\/es\/wp-json\/wp\/v2\/types\/page"}],"author":[{"embeddable":true,"href":"https:\/\/www.abogadoryan.com\/es\/wp-json\/wp\/v2\/users\/7"}],"replies":[{"embeddable":true,"href":"https:\/\/www.abogadoryan.com\/es\/wp-json\/wp\/v2\/comments?post=695"}],"version-history":[{"count":0,"href":"https:\/\/www.abogadoryan.com\/es\/wp-json\/wp\/v2\/pages\/695\/revisions"}],"wp:featuredmedia":[{"embeddable":true,"href":"https:\/\/www.abogadoryan.com\/es\/wp-json\/wp\/v2\/media\/746"}],"wp:attachment":[{"href":"https:\/\/www.abogadoryan.com\/es\/wp-json\/wp\/v2\/media?parent=695"}],"curies":[{"name":"wp","href":"https:\/\/api.w.org\/{rel}","templated":true}]}}